{"id":1703,"date":"2025-03-04T09:27:52","date_gmt":"2025-03-04T09:27:52","guid":{"rendered":"https:\/\/coarcaen.sviluppokeyweb.com\/prodotto\/pedana\/"},"modified":"2025-03-04T09:27:52","modified_gmt":"2025-03-04T09:27:52","slug":"pedana","status":"publish","type":"product","link":"https:\/\/www.coarca.it\/en\/prodotto\/pedana\/","title":{"rendered":"Pedana"},"content":{"rendered":"<p>Cod. PD. 10.100.01<\/p>\n<p>Accessorio indispensabile per la tenda rigida e ideale per il completamento della veranda; \u00e8 il pavimento giusto per ogni condizione climatica. Ha una struttura in metallo zincato da mm 30x20x1,5sp ed \u00e8 rivestita con casseri in legno trattato con impregnanti protettivi. Ha i piedini regolabili ed \u00e8 rivestita con casseri in legno trattato con impregnanti protettivi.<\/p>\n<p><strong>Optional<\/strong>: su richiesta rivestimento inolyum.<\/p>\n<p><strong><em>I preventivi vengono effettuati su richiesta presso la sede di Co.ar.ca srl su appuntamento telefonare al +39 039 9211552 ,oppure Cell.+39 366 6794868 o vogliate trasmettere al seguente indirizzo di posta elettronica<\/em><\/strong> <a href=\"mailto:info@coarca.it\">info@coarca.it<\/a> indicare il vostro recapito telefonico per essere contattati dal nostro responsabile di vendita. La ditta costruttrice non si assume alcuna responsabilit\u00e0 per improprio uso del\u00a0\u00a0prodotto. Caratteristiche soggette a modifiche senza preavviso.<\/p>\n","protected":false},"excerpt":{"rendered":"<p>Cod. PD. 10.100.01 Accessorio indispensabile per la tenda rigida e ideale per il completamento della veranda; \u00e8 il pavimento giusto per ogni condizione climatica. Ha una struttura in metallo zincato da mm 30x20x1,5sp ed \u00e8 rivestita con casseri in legno trattato con impregnanti protettivi. Ha i piedini regolabili ed \u00e8 rivestita con casseri in legno [&hellip;]<\/p>\n","protected":false},"featured_media":1704,"template":"","meta":{"_acf_changed":false,"_et_pb_use_builder":"off","_et_pb_old_content":"Accessorio indispensabile per la tenda rigida e ideale per il completamento della veranda; \u00e8 il pavimento giusto per ogni condizione climatica. Ha una struttura in metallo zincato da mm 30x20x1,5sp ed \u00e8 rivestita con casseri in legno trattato con impregnanti protettivi. Ha i piedini regolabili.","_et_gb_content_width":""},"product_brand":[],"product_cat":[50],"product_tag":[],"class_list":{"0":"post-1703","1":"product","2":"type-product","3":"status-publish","4":"has-post-thumbnail","6":"product_cat-pedane","8":"first","9":"instock","10":"shipping-taxable","11":"product-type-simple"},"acf":[],"yoast_head":"<!-- This site is optimized with the Yoast SEO plugin v27.1.1 - https:\/\/yoast.com\/product\/yoast-seo-wordpress\/ -->\n<title>Pedana - Coarca<\/title>\n<meta name=\"robots\" content=\"index, follow, max-snippet:-1, max-image-preview:large, max-video-preview:-1\" \/>\n<link rel=\"canonical\" href=\"https:\/\/www.coarca.it\/en\/prodotto\/pedana\/\" \/>\n<meta property=\"og:locale\" content=\"en_US\" \/>\n<meta property=\"og:type\" content=\"article\" \/>\n<meta property=\"og:title\" content=\"Pedana - Coarca\" \/>\n<meta property=\"og:description\" content=\"Cod. PD. 10.100.01 Accessorio indispensabile per la tenda rigida e ideale per il completamento della veranda; \u00e8 il pavimento giusto per ogni condizione climatica. Ha una struttura in metallo zincato da mm 30x20x1,5sp ed \u00e8 rivestita con casseri in legno trattato con impregnanti protettivi. Ha i piedini regolabili ed \u00e8 rivestita con casseri in legno [&hellip;]\" \/>\n<meta property=\"og:url\" content=\"https:\/\/www.coarca.it\/en\/prodotto\/pedana\/\" \/>\n<meta property=\"og:site_name\" content=\"Coarca\" \/>\n<meta property=\"og:image\" content=\"https:\/\/www.coarca.it\/wp-content\/uploads\/2025\/03\/pedana.webp\" \/>\n\t<meta property=\"og:image:width\" content=\"600\" \/>\n\t<meta property=\"og:image:height\" content=\"450\" \/>\n\t<meta property=\"og:image:type\" content=\"image\/webp\" \/>\n<meta name=\"twitter:card\" content=\"summary_large_image\" \/>\n<meta name=\"twitter:label1\" content=\"Est. reading time\" \/>\n\t<meta name=\"twitter:data1\" content=\"1 minute\" \/>\n<script type=\"application\/ld+json\" class=\"yoast-schema-graph\">{\"@context\":\"https:\/\/schema.org\",\"@graph\":[{\"@type\":\"WebPage\",\"@id\":\"https:\/\/www.coarca.it\/en\/prodotto\/pedana\/\",\"url\":\"https:\/\/www.coarca.it\/en\/prodotto\/pedana\/\",\"name\":\"Pedana - Coarca\",\"isPartOf\":{\"@id\":\"https:\/\/www.coarca.it\/en\/#website\"},\"primaryImageOfPage\":{\"@id\":\"https:\/\/www.coarca.it\/en\/prodotto\/pedana\/#primaryimage\"},\"image\":{\"@id\":\"https:\/\/www.coarca.it\/en\/prodotto\/pedana\/#primaryimage\"},\"thumbnailUrl\":\"https:\/\/www.coarca.it\/wp-content\/uploads\/2025\/03\/pedana.webp\",\"datePublished\":\"2025-03-04T09:27:52+00:00\",\"breadcrumb\":{\"@id\":\"https:\/\/www.coarca.it\/en\/prodotto\/pedana\/#breadcrumb\"},\"inLanguage\":\"en-US\",\"potentialAction\":[{\"@type\":\"ReadAction\",\"target\":[\"https:\/\/www.coarca.it\/en\/prodotto\/pedana\/\"]}]},{\"@type\":\"ImageObject\",\"inLanguage\":\"en-US\",\"@id\":\"https:\/\/www.coarca.it\/en\/prodotto\/pedana\/#primaryimage\",\"url\":\"https:\/\/www.coarca.it\/wp-content\/uploads\/2025\/03\/pedana.webp\",\"contentUrl\":\"https:\/\/www.coarca.it\/wp-content\/uploads\/2025\/03\/pedana.webp\",\"width\":600,\"height\":450},{\"@type\":\"BreadcrumbList\",\"@id\":\"https:\/\/www.coarca.it\/en\/prodotto\/pedana\/#breadcrumb\",\"itemListElement\":[{\"@type\":\"ListItem\",\"position\":1,\"name\":\"Home\",\"item\":\"https:\/\/www.coarca.it\/en\/\"},{\"@type\":\"ListItem\",\"position\":2,\"name\":\"Shop\",\"item\":\"https:\/\/www.coarca.it\/en\/shop\/\"},{\"@type\":\"ListItem\",\"position\":3,\"name\":\"Pedana\"}]},{\"@type\":\"WebSite\",\"@id\":\"https:\/\/www.coarca.it\/en\/#website\",\"url\":\"https:\/\/www.coarca.it\/en\/\",\"name\":\"Coarca\",\"description\":\"\",\"potentialAction\":[{\"@type\":\"SearchAction\",\"target\":{\"@type\":\"EntryPoint\",\"urlTemplate\":\"https:\/\/www.coarca.it\/en\/?s={search_term_string}\"},\"query-input\":{\"@type\":\"PropertyValueSpecification\",\"valueRequired\":true,\"valueName\":\"search_term_string\"}}],\"inLanguage\":\"en-US\"}]}<\/script>\n<!-- \/ Yoast SEO plugin. -->","yoast_head_json":{"title":"Pedana - Coarca","robots":{"index":"index","follow":"follow","max-snippet":"max-snippet:-1","max-image-preview":"max-image-preview:large","max-video-preview":"max-video-preview:-1"},"canonical":"https:\/\/www.coarca.it\/en\/prodotto\/pedana\/","og_locale":"en_US","og_type":"article","og_title":"Pedana - Coarca","og_description":"Cod. PD. 10.100.01 Accessorio indispensabile per la tenda rigida e ideale per il completamento della veranda; \u00e8 il pavimento giusto per ogni condizione climatica. Ha una struttura in metallo zincato da mm 30x20x1,5sp ed \u00e8 rivestita con casseri in legno trattato con impregnanti protettivi. Ha i piedini regolabili ed \u00e8 rivestita con casseri in legno [&hellip;]","og_url":"https:\/\/www.coarca.it\/en\/prodotto\/pedana\/","og_site_name":"Coarca","og_image":[{"width":600,"height":450,"url":"https:\/\/www.coarca.it\/wp-content\/uploads\/2025\/03\/pedana.webp","type":"image\/webp"}],"twitter_card":"summary_large_image","twitter_misc":{"Est. reading time":"1 minute"},"schema":{"@context":"https:\/\/schema.org","@graph":[{"@type":"WebPage","@id":"https:\/\/www.coarca.it\/en\/prodotto\/pedana\/","url":"https:\/\/www.coarca.it\/en\/prodotto\/pedana\/","name":"Pedana - Coarca","isPartOf":{"@id":"https:\/\/www.coarca.it\/en\/#website"},"primaryImageOfPage":{"@id":"https:\/\/www.coarca.it\/en\/prodotto\/pedana\/#primaryimage"},"image":{"@id":"https:\/\/www.coarca.it\/en\/prodotto\/pedana\/#primaryimage"},"thumbnailUrl":"https:\/\/www.coarca.it\/wp-content\/uploads\/2025\/03\/pedana.webp","datePublished":"2025-03-04T09:27:52+00:00","breadcrumb":{"@id":"https:\/\/www.coarca.it\/en\/prodotto\/pedana\/#breadcrumb"},"inLanguage":"en-US","potentialAction":[{"@type":"ReadAction","target":["https:\/\/www.coarca.it\/en\/prodotto\/pedana\/"]}]},{"@type":"ImageObject","inLanguage":"en-US","@id":"https:\/\/www.coarca.it\/en\/prodotto\/pedana\/#primaryimage","url":"https:\/\/www.coarca.it\/wp-content\/uploads\/2025\/03\/pedana.webp","contentUrl":"https:\/\/www.coarca.it\/wp-content\/uploads\/2025\/03\/pedana.webp","width":600,"height":450},{"@type":"BreadcrumbList","@id":"https:\/\/www.coarca.it\/en\/prodotto\/pedana\/#breadcrumb","itemListElement":[{"@type":"ListItem","position":1,"name":"Home","item":"https:\/\/www.coarca.it\/en\/"},{"@type":"ListItem","position":2,"name":"Shop","item":"https:\/\/www.coarca.it\/en\/shop\/"},{"@type":"ListItem","position":3,"name":"Pedana"}]},{"@type":"WebSite","@id":"https:\/\/www.coarca.it\/en\/#website","url":"https:\/\/www.coarca.it\/en\/","name":"Coarca","description":"","potentialAction":[{"@type":"SearchAction","target":{"@type":"EntryPoint","urlTemplate":"https:\/\/www.coarca.it\/en\/?s={search_term_string}"},"query-input":{"@type":"PropertyValueSpecification","valueRequired":true,"valueName":"search_term_string"}}],"inLanguage":"en-US"}]}},"_links":{"self":[{"href":"https:\/\/www.coarca.it\/en\/wp-json\/wp\/v2\/product\/1703","targetHints":{"allow":["GET"]}}],"collection":[{"href":"https:\/\/www.coarca.it\/en\/wp-json\/wp\/v2\/product"}],"about":[{"href":"https:\/\/www.coarca.it\/en\/wp-json\/wp\/v2\/types\/product"}],"wp:featuredmedia":[{"embeddable":true,"href":"https:\/\/www.coarca.it\/en\/wp-json\/wp\/v2\/media\/1704"}],"wp:attachment":[{"href":"https:\/\/www.coarca.it\/en\/wp-json\/wp\/v2\/media?parent=1703"}],"wp:term":[{"taxonomy":"product_brand","embeddable":true,"href":"https:\/\/www.coarca.it\/en\/wp-json\/wp\/v2\/product_brand?post=1703"},{"taxonomy":"product_cat","embeddable":true,"href":"https:\/\/www.coarca.it\/en\/wp-json\/wp\/v2\/product_cat?post=1703"},{"taxonomy":"product_tag","embeddable":true,"href":"https:\/\/www.coarca.it\/en\/wp-json\/wp\/v2\/product_tag?post=1703"}],"curies":[{"name":"wp","href":"https:\/\/api.w.org\/{rel}","templated":true}]}}