{"id":1611,"date":"2025-04-28T12:03:29","date_gmt":"2025-04-28T12:03:29","guid":{"rendered":"https:\/\/coarcaen.sviluppokeyweb.com\/prodotto\/chiusure\/"},"modified":"2025-04-28T12:03:29","modified_gmt":"2025-04-28T12:03:29","slug":"chiusure","status":"publish","type":"product","link":"https:\/\/www.coarca.it\/en\/prodotto\/chiusure\/","title":{"rendered":"Chiusure"},"content":{"rendered":"<p>Chiusura <strong>Cod. CH. 10.100.02<\/strong><\/p>\n<p>Le chiusure laterali\/frontali per coperture Caravan e verande, vengono totalmente realizzate in base alle esigenze del cliente se possibile da punto di vista tecnico.<\/p>\n<p><strong>Pareti<\/strong>: Pannelli in PVC da gr\/mq 700 impermeabile, autoestinguente di CL 2 realizzati su misura, scorrevoli o fissi, con finestre in pvc stile inglese o senza porta con cerniera o con supporti in pvc per agevolare la chiusura.<\/p>\n<p><strong>Optional<\/strong>: tendine.<\/p>\n<p><strong>Colori<\/strong>: grigio, crema, verde, rigato.<\/p>\n<p><strong><em>I preventivi vengono effettuati su richiesta presso la sede di Co.ar.ca srl su appuntamento telefonare al +39 039 9211552 ,oppure Cell.+39 366 6794868 o vogliate trasmettere al seguente indirizzo di posta elettronica<\/em><\/strong> <a href=\"mailto:info@coarca.it\">info@coarca.it<\/a> indicare il vostro recapito telefonico per essere contattati dal nostro responsabile di vendita. La ditta costruttrice non si assume alcuna responsabilit\u00e0 per improprio uso del\u00a0\u00a0prodotto. Caratteristiche soggette a modifiche senza preavviso.<\/p>\n","protected":false},"excerpt":{"rendered":"<p>Chiusura Cod. CH. 10.100.02 Le chiusure laterali\/frontali per coperture Caravan e verande, vengono totalmente realizzate in base alle esigenze del cliente se possibile da punto di vista tecnico. Pareti: Pannelli in PVC da gr\/mq 700 impermeabile, autoestinguente di CL 2 realizzati su misura, scorrevoli o fissi, con finestre in pvc stile inglese o senza porta [&hellip;]<\/p>\n","protected":false},"featured_media":1613,"template":"","meta":{"_acf_changed":false,"_et_pb_use_builder":"off","_et_pb_old_content":"Protegge il caravan dalla grandine, dalla pioggia, dal sole e dalla neve (suggerendo un minimo sforzo per evitare un sovraccarico eccessivo). Esclude ogni possibilit\u00e0 di infiltrazione d\u2019acqua e garantisce anche un ottimo isolamento termico, reso possibile dall\u2019intercapedine, e viene garantita stabilit\u00e0 anche in caso di forte vento.\r\n\r\nCaratteristiche: La tettoia di protezione per caravan si compone di un profilo in alluminio quadro da 40x40 o 50x50 scanalato e anodizzato in tonalit\u00e0 naturale; la profondit\u00e0 pu\u00f2 essere di mt. 250 o mt. 2,70 o mt. 3,00, in base alla profondit\u00e0 del caravan. Le sporgenze laterali misurano ca. 20\/30 cm e la sporgenza anteriore e posteriore ca. 50\/60 cm. Il telaio in alluminio viene fissato ad un telone in PVC da 700 gr\/mq impermeabile, autoestinguente di CL 2 teso fortemente con cavi in acciaio.","_et_gb_content_width":""},"product_brand":[],"product_cat":[47],"product_tag":[],"class_list":{"0":"post-1611","1":"product","2":"type-product","3":"status-publish","4":"has-post-thumbnail","6":"product_cat-chiusure-per-verande-e-caravan","8":"first","9":"instock","10":"shipping-taxable","11":"product-type-simple"},"acf":[],"yoast_head":"<!-- This site is optimized with the Yoast SEO plugin v27.1.1 - https:\/\/yoast.com\/product\/yoast-seo-wordpress\/ -->\n<title>Chiusure - Coarca<\/title>\n<meta name=\"robots\" content=\"index, follow, max-snippet:-1, max-image-preview:large, max-video-preview:-1\" \/>\n<link rel=\"canonical\" href=\"https:\/\/www.coarca.it\/en\/prodotto\/chiusure\/\" \/>\n<meta property=\"og:locale\" content=\"en_US\" \/>\n<meta property=\"og:type\" content=\"article\" \/>\n<meta property=\"og:title\" content=\"Chiusure - Coarca\" \/>\n<meta property=\"og:description\" content=\"Chiusura Cod. CH. 10.100.02 Le chiusure laterali\/frontali per coperture Caravan e verande, vengono totalmente realizzate in base alle esigenze del cliente se possibile da punto di vista tecnico. Pareti: Pannelli in PVC da gr\/mq 700 impermeabile, autoestinguente di CL 2 realizzati su misura, scorrevoli o fissi, con finestre in pvc stile inglese o senza porta [&hellip;]\" \/>\n<meta property=\"og:url\" content=\"https:\/\/www.coarca.it\/en\/prodotto\/chiusure\/\" \/>\n<meta property=\"og:site_name\" content=\"Coarca\" \/>\n<meta property=\"og:image\" content=\"https:\/\/www.coarca.it\/wp-content\/uploads\/2025\/04\/chiusura.webp\" \/>\n\t<meta property=\"og:image:width\" content=\"396\" \/>\n\t<meta property=\"og:image:height\" content=\"247\" \/>\n\t<meta property=\"og:image:type\" content=\"image\/webp\" \/>\n<meta name=\"twitter:card\" content=\"summary_large_image\" \/>\n<meta name=\"twitter:label1\" content=\"Est. reading time\" \/>\n\t<meta name=\"twitter:data1\" content=\"1 minute\" \/>\n<script type=\"application\/ld+json\" class=\"yoast-schema-graph\">{\"@context\":\"https:\/\/schema.org\",\"@graph\":[{\"@type\":\"WebPage\",\"@id\":\"https:\/\/www.coarca.it\/en\/prodotto\/chiusure\/\",\"url\":\"https:\/\/www.coarca.it\/en\/prodotto\/chiusure\/\",\"name\":\"Chiusure - Coarca\",\"isPartOf\":{\"@id\":\"https:\/\/www.coarca.it\/en\/#website\"},\"primaryImageOfPage\":{\"@id\":\"https:\/\/www.coarca.it\/en\/prodotto\/chiusure\/#primaryimage\"},\"image\":{\"@id\":\"https:\/\/www.coarca.it\/en\/prodotto\/chiusure\/#primaryimage\"},\"thumbnailUrl\":\"https:\/\/www.coarca.it\/wp-content\/uploads\/2025\/04\/chiusura.webp\",\"datePublished\":\"2025-04-28T12:03:29+00:00\",\"breadcrumb\":{\"@id\":\"https:\/\/www.coarca.it\/en\/prodotto\/chiusure\/#breadcrumb\"},\"inLanguage\":\"en-US\",\"potentialAction\":[{\"@type\":\"ReadAction\",\"target\":[\"https:\/\/www.coarca.it\/en\/prodotto\/chiusure\/\"]}]},{\"@type\":\"ImageObject\",\"inLanguage\":\"en-US\",\"@id\":\"https:\/\/www.coarca.it\/en\/prodotto\/chiusure\/#primaryimage\",\"url\":\"https:\/\/www.coarca.it\/wp-content\/uploads\/2025\/04\/chiusura.webp\",\"contentUrl\":\"https:\/\/www.coarca.it\/wp-content\/uploads\/2025\/04\/chiusura.webp\",\"width\":396,\"height\":247},{\"@type\":\"BreadcrumbList\",\"@id\":\"https:\/\/www.coarca.it\/en\/prodotto\/chiusure\/#breadcrumb\",\"itemListElement\":[{\"@type\":\"ListItem\",\"position\":1,\"name\":\"Home\",\"item\":\"https:\/\/www.coarca.it\/en\/\"},{\"@type\":\"ListItem\",\"position\":2,\"name\":\"Shop\",\"item\":\"https:\/\/www.coarca.it\/en\/shop\/\"},{\"@type\":\"ListItem\",\"position\":3,\"name\":\"Chiusure\"}]},{\"@type\":\"WebSite\",\"@id\":\"https:\/\/www.coarca.it\/en\/#website\",\"url\":\"https:\/\/www.coarca.it\/en\/\",\"name\":\"Coarca\",\"description\":\"\",\"potentialAction\":[{\"@type\":\"SearchAction\",\"target\":{\"@type\":\"EntryPoint\",\"urlTemplate\":\"https:\/\/www.coarca.it\/en\/?s={search_term_string}\"},\"query-input\":{\"@type\":\"PropertyValueSpecification\",\"valueRequired\":true,\"valueName\":\"search_term_string\"}}],\"inLanguage\":\"en-US\"}]}<\/script>\n<!-- \/ Yoast SEO plugin. -->","yoast_head_json":{"title":"Chiusure - Coarca","robots":{"index":"index","follow":"follow","max-snippet":"max-snippet:-1","max-image-preview":"max-image-preview:large","max-video-preview":"max-video-preview:-1"},"canonical":"https:\/\/www.coarca.it\/en\/prodotto\/chiusure\/","og_locale":"en_US","og_type":"article","og_title":"Chiusure - Coarca","og_description":"Chiusura Cod. CH. 10.100.02 Le chiusure laterali\/frontali per coperture Caravan e verande, vengono totalmente realizzate in base alle esigenze del cliente se possibile da punto di vista tecnico. Pareti: Pannelli in PVC da gr\/mq 700 impermeabile, autoestinguente di CL 2 realizzati su misura, scorrevoli o fissi, con finestre in pvc stile inglese o senza porta [&hellip;]","og_url":"https:\/\/www.coarca.it\/en\/prodotto\/chiusure\/","og_site_name":"Coarca","og_image":[{"width":396,"height":247,"url":"https:\/\/www.coarca.it\/wp-content\/uploads\/2025\/04\/chiusura.webp","type":"image\/webp"}],"twitter_card":"summary_large_image","twitter_misc":{"Est. reading time":"1 minute"},"schema":{"@context":"https:\/\/schema.org","@graph":[{"@type":"WebPage","@id":"https:\/\/www.coarca.it\/en\/prodotto\/chiusure\/","url":"https:\/\/www.coarca.it\/en\/prodotto\/chiusure\/","name":"Chiusure - Coarca","isPartOf":{"@id":"https:\/\/www.coarca.it\/en\/#website"},"primaryImageOfPage":{"@id":"https:\/\/www.coarca.it\/en\/prodotto\/chiusure\/#primaryimage"},"image":{"@id":"https:\/\/www.coarca.it\/en\/prodotto\/chiusure\/#primaryimage"},"thumbnailUrl":"https:\/\/www.coarca.it\/wp-content\/uploads\/2025\/04\/chiusura.webp","datePublished":"2025-04-28T12:03:29+00:00","breadcrumb":{"@id":"https:\/\/www.coarca.it\/en\/prodotto\/chiusure\/#breadcrumb"},"inLanguage":"en-US","potentialAction":[{"@type":"ReadAction","target":["https:\/\/www.coarca.it\/en\/prodotto\/chiusure\/"]}]},{"@type":"ImageObject","inLanguage":"en-US","@id":"https:\/\/www.coarca.it\/en\/prodotto\/chiusure\/#primaryimage","url":"https:\/\/www.coarca.it\/wp-content\/uploads\/2025\/04\/chiusura.webp","contentUrl":"https:\/\/www.coarca.it\/wp-content\/uploads\/2025\/04\/chiusura.webp","width":396,"height":247},{"@type":"BreadcrumbList","@id":"https:\/\/www.coarca.it\/en\/prodotto\/chiusure\/#breadcrumb","itemListElement":[{"@type":"ListItem","position":1,"name":"Home","item":"https:\/\/www.coarca.it\/en\/"},{"@type":"ListItem","position":2,"name":"Shop","item":"https:\/\/www.coarca.it\/en\/shop\/"},{"@type":"ListItem","position":3,"name":"Chiusure"}]},{"@type":"WebSite","@id":"https:\/\/www.coarca.it\/en\/#website","url":"https:\/\/www.coarca.it\/en\/","name":"Coarca","description":"","potentialAction":[{"@type":"SearchAction","target":{"@type":"EntryPoint","urlTemplate":"https:\/\/www.coarca.it\/en\/?s={search_term_string}"},"query-input":{"@type":"PropertyValueSpecification","valueRequired":true,"valueName":"search_term_string"}}],"inLanguage":"en-US"}]}},"_links":{"self":[{"href":"https:\/\/www.coarca.it\/en\/wp-json\/wp\/v2\/product\/1611","targetHints":{"allow":["GET"]}}],"collection":[{"href":"https:\/\/www.coarca.it\/en\/wp-json\/wp\/v2\/product"}],"about":[{"href":"https:\/\/www.coarca.it\/en\/wp-json\/wp\/v2\/types\/product"}],"wp:featuredmedia":[{"embeddable":true,"href":"https:\/\/www.coarca.it\/en\/wp-json\/wp\/v2\/media\/1613"}],"wp:attachment":[{"href":"https:\/\/www.coarca.it\/en\/wp-json\/wp\/v2\/media?parent=1611"}],"wp:term":[{"taxonomy":"product_brand","embeddable":true,"href":"https:\/\/www.coarca.it\/en\/wp-json\/wp\/v2\/product_brand?post=1611"},{"taxonomy":"product_cat","embeddable":true,"href":"https:\/\/www.coarca.it\/en\/wp-json\/wp\/v2\/product_cat?post=1611"},{"taxonomy":"product_tag","embeddable":true,"href":"https:\/\/www.coarca.it\/en\/wp-json\/wp\/v2\/product_tag?post=1611"}],"curies":[{"name":"wp","href":"https:\/\/api.w.org\/{rel}","templated":true}]}}